{"id":334,"date":"2024-08-20T03:58:56","date_gmt":"2024-08-20T03:58:56","guid":{"rendered":"https:\/\/redperifericaaqp.gob.pe\/?page_id=334"},"modified":"2024-08-21T00:24:03","modified_gmt":"2024-08-21T00:24:03","slug":"estadistica-e-informatica","status":"publish","type":"page","link":"https:\/\/redperifericaaqp.gob.pe\/?page_id=334","title":{"rendered":"Estad\u00edstica e Inform\u00e1tica"},"content":{"rendered":"\t\t<div data-elementor-type=\"wp-page\" data-elementor-id=\"334\" class=\"elementor elementor-334\">\n\t\t\t\t<div class=\"elementor-element elementor-element-fed16ac e-grid e-con-boxed e-con e-parent\" data-id=\"fed16ac\" data-element_type=\"container\" data-e-type=\"container\">\n\t\t\t\t\t<div class=\"e-con-inner\">\n\t\t\t\t<div class=\"elementor-element elementor-element-9c71d8c elementor-view-default elementor-position-block-start elementor-mobile-position-block-start elementor-widget elementor-widget-icon-box\" data-id=\"9c71d8c\" data-element_type=\"widget\" data-e-type=\"widget\" data-widget_type=\"icon-box.default\">\n\t\t\t\t<div class=\"elementor-widget-container\">\n\t\t\t\t\t\t\t<div class=\"elementor-icon-box-wrapper\">\n\n\t\t\t\t\t\t<div class=\"elementor-icon-box-icon\">\n\t\t\t\t<a href=\"https:\/\/redperifericaaqp.gob.pe\/?page_id=375\" target=\"_blank\" class=\"elementor-icon\" tabindex=\"-1\" aria-label=\"Manuales\">\n\t\t\t\t<svg aria-hidden=\"true\" class=\"e-font-icon-svg e-fas-book-reader\" viewBox=\"0 0 512 512\" xmlns=\"http:\/\/www.w3.org\/2000\/svg\"><path d=\"M352 96c0-53.02-42.98-96-96-96s-96 42.98-96 96 42.98 96 96 96 96-42.98 96-96zM233.59 241.1c-59.33-36.32-155.43-46.3-203.79-49.05C13.55 191.13 0 203.51 0 219.14v222.8c0 14.33 11.59 26.28 26.49 27.05 43.66 2.29 131.99 10.68 193.04 41.43 9.37 4.72 20.48-1.71 20.48-11.87V252.56c-.01-4.67-2.32-8.95-6.42-11.46zm248.61-49.05c-48.35 2.74-144.46 12.73-203.78 49.05-4.1 2.51-6.41 6.96-6.41 11.63v245.79c0 10.19 11.14 16.63 20.54 11.9 61.04-30.72 149.32-39.11 192.97-41.4 14.9-.78 26.49-12.73 26.49-27.06V219.14c-.01-15.63-13.56-28.01-29.81-27.09z\"><\/path><\/svg>\t\t\t\t<\/a>\n\t\t\t<\/div>\n\t\t\t\n\t\t\t\t\t\t<div class=\"elementor-icon-box-content\">\n\n\t\t\t\t\t\t\t\t\t<h3 class=\"elementor-icon-box-title\">\n\t\t\t\t\t\t<a href=\"https:\/\/redperifericaaqp.gob.pe\/?page_id=375\" target=\"_blank\" >\n\t\t\t\t\t\t\tManuales\t\t\t\t\t\t<\/a>\n\t\t\t\t\t<\/h3>\n\t\t\t\t\n\t\t\t\t\n\t\t\t<\/div>\n\t\t\t\n\t\t<\/div>\n\t\t\t\t\t\t<\/div>\n\t\t\t\t<\/div>\n\t\t\t\t<div class=\"elementor-element elementor-element-e83c3a3 elementor-view-default elementor-position-block-start elementor-mobile-position-block-start elementor-widget elementor-widget-icon-box\" data-id=\"e83c3a3\" data-element_type=\"widget\" data-e-type=\"widget\" data-widget_type=\"icon-box.default\">\n\t\t\t\t<div class=\"elementor-widget-container\">\n\t\t\t\t\t\t\t<div class=\"elementor-icon-box-wrapper\">\n\n\t\t\t\t\t\t<div class=\"elementor-icon-box-icon\">\n\t\t\t\t<a href=\"https:\/\/redperifericaaqp.gob.pe\/?page_id=395\" target=\"_blank\" class=\"elementor-icon\" tabindex=\"-1\" aria-label=\"Mortalidad\">\n\t\t\t\t<svg aria-hidden=\"true\" class=\"e-font-icon-svg e-fas-head-side-cough-slash\" viewBox=\"0 0 640 512\" xmlns=\"http:\/\/www.w3.org\/2000\/svg\"><path d=\"M454.11,319.21c19.56-3.81,31.62-25,23.11-44.21-21-47.12-48.5-151.75-73.12-186.75A208.13,208.13,0,0,0,234.1,0H192A190.64,190.64,0,0,0,84.18,33.3L45.46,3.38A16,16,0,0,0,23,6.19L3.37,31.46A16,16,0,0,0,6.18,53.91L594.53,508.63A16,16,0,0,0,617,505.82l19.64-25.27a16,16,0,0,0-2.81-22.45ZM313.39,210.45,263.61,172c5.88-7.14,14.43-12,24.36-12a32.06,32.06,0,0,1,32,32C320,199,317.24,205.17,313.39,210.45ZM616,304a24,24,0,1,0-24-24A24,24,0,0,0,616,304Zm-64,64a24,24,0,1,0-24-24A24,24,0,0,0,552,368ZM288,384a32,32,0,0,1,32-32h19.54L20.73,105.59A190.86,190.86,0,0,0,0,192c0,56.75,24.75,107.62,64,142.88V512H288V480h64a64,64,0,0,0,64-64H320A32,32,0,0,1,288,384Zm328-24a24,24,0,1,0,24,24A24,24,0,0,0,616,360Z\"><\/path><\/svg>\t\t\t\t<\/a>\n\t\t\t<\/div>\n\t\t\t\n\t\t\t\t\t\t<div class=\"elementor-icon-box-content\">\n\n\t\t\t\t\t\t\t\t\t<h3 class=\"elementor-icon-box-title\">\n\t\t\t\t\t\t<a href=\"https:\/\/redperifericaaqp.gob.pe\/?page_id=395\" target=\"_blank\" >\n\t\t\t\t\t\t\tMortalidad\t\t\t\t\t\t<\/a>\n\t\t\t\t\t<\/h3>\n\t\t\t\t\n\t\t\t\t\n\t\t\t<\/div>\n\t\t\t\n\t\t<\/div>\n\t\t\t\t\t\t<\/div>\n\t\t\t\t<\/div>\n\t\t\t\t<div class=\"elementor-element elementor-element-a6b1188 elementor-view-default elementor-position-block-start elementor-mobile-position-block-start elementor-widget elementor-widget-icon-box\" data-id=\"a6b1188\" data-element_type=\"widget\" data-e-type=\"widget\" data-widget_type=\"icon-box.default\">\n\t\t\t\t<div class=\"elementor-widget-container\">\n\t\t\t\t\t\t\t<div class=\"elementor-icon-box-wrapper\">\n\n\t\t\t\t\t\t<div class=\"elementor-icon-box-icon\">\n\t\t\t\t<a href=\"https:\/\/redperifericaaqp.gob.pe\/?page_id=403\" target=\"_blank\" class=\"elementor-icon\" tabindex=\"-1\" aria-label=\"Poblaci\u00f3n\">\n\t\t\t\t<svg aria-hidden=\"true\" class=\"e-font-icon-svg e-fas-people-arrows\" viewBox=\"0 0 576 512\" xmlns=\"http:\/\/www.w3.org\/2000\/svg\"><path d=\"M96,128A64,64,0,1,0,32,64,64,64,0,0,0,96,128Zm0,176.08a44.11,44.11,0,0,1,13.64-32L181.77,204c1.65-1.55,3.77-2.31,5.61-3.57A63.91,63.91,0,0,0,128,160H64A64,64,0,0,0,0,224v96a32,32,0,0,0,32,32V480a32,32,0,0,0,32,32h64a32,32,0,0,0,32-32V383.61l-50.36-47.53A44.08,44.08,0,0,1,96,304.08ZM480,128a64,64,0,1,0-64-64A64,64,0,0,0,480,128Zm32,32H448a63.91,63.91,0,0,0-59.38,40.42c1.84,1.27,4,2,5.62,3.59l72.12,68.06a44.37,44.37,0,0,1,0,64L416,383.62V480a32,32,0,0,0,32,32h64a32,32,0,0,0,32-32V352a32,32,0,0,0,32-32V224A64,64,0,0,0,512,160ZM444.4,295.34l-72.12-68.06A12,12,0,0,0,352,236v36H224V236a12,12,0,0,0-20.28-8.73L131.6,295.34a12.4,12.4,0,0,0,0,17.47l72.12,68.07A12,12,0,0,0,224,372.14V336H352v36.14a12,12,0,0,0,20.28,8.74l72.12-68.07A12.4,12.4,0,0,0,444.4,295.34Z\"><\/path><\/svg>\t\t\t\t<\/a>\n\t\t\t<\/div>\n\t\t\t\n\t\t\t\t\t\t<div class=\"elementor-icon-box-content\">\n\n\t\t\t\t\t\t\t\t\t<h3 class=\"elementor-icon-box-title\">\n\t\t\t\t\t\t<a href=\"https:\/\/redperifericaaqp.gob.pe\/?page_id=403\" target=\"_blank\" >\n\t\t\t\t\t\t\tPoblaci\u00f3n\t\t\t\t\t\t<\/a>\n\t\t\t\t\t<\/h3>\n\t\t\t\t\n\t\t\t\t\n\t\t\t<\/div>\n\t\t\t\n\t\t<\/div>\n\t\t\t\t\t\t<\/div>\n\t\t\t\t<\/div>\n\t\t\t\t<div class=\"elementor-element elementor-element-c179b22 elementor-view-default elementor-position-block-start elementor-mobile-position-block-start elementor-widget elementor-widget-icon-box\" data-id=\"c179b22\" data-element_type=\"widget\" data-e-type=\"widget\" data-widget_type=\"icon-box.default\">\n\t\t\t\t<div class=\"elementor-widget-container\">\n\t\t\t\t\t\t\t<div class=\"elementor-icon-box-wrapper\">\n\n\t\t\t\t\t\t<div class=\"elementor-icon-box-icon\">\n\t\t\t\t<a href=\"https:\/\/redperifericaaqp.gob.pe\/?page_id=413\" target=\"_blank\" class=\"elementor-icon\" tabindex=\"-1\" aria-label=\"Reportes\">\n\t\t\t\t<svg aria-hidden=\"true\" class=\"e-font-icon-svg e-fas-book-open\" viewBox=\"0 0 576 512\" xmlns=\"http:\/\/www.w3.org\/2000\/svg\"><path d=\"M542.22 32.05c-54.8 3.11-163.72 14.43-230.96 55.59-4.64 2.84-7.27 7.89-7.27 13.17v363.87c0 11.55 12.63 18.85 23.28 13.49 69.18-34.82 169.23-44.32 218.7-46.92 16.89-.89 30.02-14.43 30.02-30.66V62.75c.01-17.71-15.35-31.74-33.77-30.7zM264.73 87.64C197.5 46.48 88.58 35.17 33.78 32.05 15.36 31.01 0 45.04 0 62.75V400.6c0 16.24 13.13 29.78 30.02 30.66 49.49 2.6 149.59 12.11 218.77 46.95 10.62 5.35 23.21-1.94 23.21-13.46V100.63c0-5.29-2.62-10.14-7.27-12.99z\"><\/path><\/svg>\t\t\t\t<\/a>\n\t\t\t<\/div>\n\t\t\t\n\t\t\t\t\t\t<div class=\"elementor-icon-box-content\">\n\n\t\t\t\t\t\t\t\t\t<h3 class=\"elementor-icon-box-title\">\n\t\t\t\t\t\t<a href=\"https:\/\/redperifericaaqp.gob.pe\/?page_id=413\" target=\"_blank\" >\n\t\t\t\t\t\t\tReportes\t\t\t\t\t\t<\/a>\n\t\t\t\t\t<\/h3>\n\t\t\t\t\n\t\t\t\t\n\t\t\t<\/div>\n\t\t\t\n\t\t<\/div>\n\t\t\t\t\t\t<\/div>\n\t\t\t\t<\/div>\n\t\t\t\t<div class=\"elementor-element elementor-element-db5a7e2 elementor-view-default elementor-position-block-start elementor-mobile-position-block-start elementor-widget elementor-widget-icon-box\" data-id=\"db5a7e2\" data-element_type=\"widget\" data-e-type=\"widget\" data-widget_type=\"icon-box.default\">\n\t\t\t\t<div class=\"elementor-widget-container\">\n\t\t\t\t\t\t\t<div class=\"elementor-icon-box-wrapper\">\n\n\t\t\t\t\t\t<div class=\"elementor-icon-box-icon\">\n\t\t\t\t<span  class=\"elementor-icon\">\n\t\t\t\t<svg aria-hidden=\"true\" class=\"e-font-icon-svg e-fas-video\" viewBox=\"0 0 576 512\" xmlns=\"http:\/\/www.w3.org\/2000\/svg\"><path d=\"M336.2 64H47.8C21.4 64 0 85.4 0 111.8v288.4C0 426.6 21.4 448 47.8 448h288.4c26.4 0 47.8-21.4 47.8-47.8V111.8c0-26.4-21.4-47.8-47.8-47.8zm189.4 37.7L416 177.3v157.4l109.6 75.5c21.2 14.6 50.4-.3 50.4-25.8V127.5c0-25.4-29.1-40.4-50.4-25.8z\"><\/path><\/svg>\t\t\t\t<\/span>\n\t\t\t<\/div>\n\t\t\t\n\t\t\t\t\t\t<div class=\"elementor-icon-box-content\">\n\n\t\t\t\t\t\t\t\t\t<h3 class=\"elementor-icon-box-title\">\n\t\t\t\t\t\t<span  >\n\t\t\t\t\t\t\tVideos\t\t\t\t\t\t<\/span>\n\t\t\t\t\t<\/h3>\n\t\t\t\t\n\t\t\t\t\t\t\t\t\t<p class=\"elementor-icon-box-description\">\n\t\t\t\t\t\tTutoriales y reuniones del \u00e1rea\t\t\t\t\t<\/p>\n\t\t\t\t\n\t\t\t<\/div>\n\t\t\t\n\t\t<\/div>\n\t\t\t\t\t\t<\/div>\n\t\t\t\t<\/div>\n\t\t\t\t\t<\/div>\n\t\t\t\t<\/div>\n\t\t<div class=\"elementor-element elementor-element-35ffb99 e-flex e-con-boxed e-con e-parent\" data-id=\"35ffb99\" data-element_type=\"container\" data-e-type=\"container\">\n\t\t\t\t\t<div class=\"e-con-inner\">\n\t\t\t\t<div class=\"elementor-element elementor-element-9fa8df1 elementor-widget elementor-widget-text-editor\" data-id=\"9fa8df1\" data-element_type=\"widget\" data-e-type=\"widget\" data-widget_type=\"text-editor.default\">\n\t\t\t\t<div class=\"elementor-widget-container\">\n\t\t\t\t\t\t\t\t\t<p>La oficina de estad\u00edstica, inform\u00e1tica y telecomunicaciones, proporciona informaci\u00f3n de calidad, confiable y oportuna para la toma de decisiones, ha logrado integrar los procesos y flujos de informaci\u00f3n en los sistemas inform\u00e1ticos de la instituci\u00f3n, mediane control de calidad, validaci\u00f3n de datos, para ser consolidada, procesada, desde los niveles operativos (Centros y Puestos de Salud), para la difusi\u00f3n de la misma, seg\u00fan las normas establecidas en el \u00e1mbito de su competencia y as\u00ed lograr la producci\u00f3n de informaci\u00f3n e indicadores de salud para la toma de decisiones a todo nivel.<\/p><p><span style=\"color: var( --e-global-color-text ); font-weight: var( --e-global-typography-text-font-weight ); text-align: var(--text-align); font-size: var(--bs-body-font-size);\">Brinda asistencia t\u00e9cnica v\u00eda control remoto.\u00a0<\/span><\/p><p><span style=\"color: var( --e-global-color-text ); font-weight: var( --e-global-typography-text-font-weight ); text-align: var(--text-align); font-size: var(--bs-body-font-size);\">El equipo de estadistica e inform\u00e1tica de la Red de Salud Arequipa Caylloma, desarrolla softwares de acuerdo a las necesidades de estrategias y programas para facilitar el an\u00e1lisis y el manejo de informaci\u00f3n.<\/span><\/p><p><span style=\"color: var( --e-global-color-text ); font-weight: var( --e-global-typography-text-font-weight ); text-align: var(--text-align); font-size: var(--bs-body-font-size);\">Contamos con un aplicativo inform\u00e1tico que permite realizar control de calidad de la informaci\u00f3n desde el nivel operativo.<\/span><\/p><p><span style=\"color: var( --e-global-color-text ); font-weight: var( --e-global-typography-text-font-weight ); text-align: var(--text-align); font-size: var(--bs-body-font-size);\">La pagina web de la Red de Salud Arequipa Caylloma, es uno de los medios m\u00e1s eficaces de comunicaci\u00f3n, con el que dispone nuestra instituci\u00f3n para interactuar con sus usuarios, mediante esta p\u00e1gina se publica informaci\u00f3n oficial tanto de la Red como de sus Micro Redes, basadas en la Ley de Transparencia y Acceso de la Informaci\u00f3n.<\/span><\/p><p><span style=\"color: var( --e-global-color-text ); font-weight: var( --e-global-typography-text-font-weight ); text-align: var(--text-align); font-size: var(--bs-body-font-size);\">Brinda el servicio de FTP para transferencia de archivos, cursos virtuales y capacitaciones en l\u00ednea.<\/span><\/p><p><span style=\"color: var( --e-global-color-text ); font-weight: var( --e-global-typography-text-font-weight ); text-align: var(--text-align); font-size: var(--bs-body-font-size);\">CORREO ELECTRONICO SEGURO Y DE USO OFICIAL: Mediante este servicio se garantiza el uso correcto de este medio seg\u00fan la norma legal vigente, dando seguridad en el flujo de env\u00edo y recepci\u00f3n de informaci\u00f3n.<\/span><\/p><p><span style=\"color: var( --e-global-color-text ); font-weight: var( --e-global-typography-text-font-weight ); text-align: var(--text-align); font-size: var(--bs-body-font-size);\">BRINDA SOPORTE T\u00c9CNICO: Basado en TIC, Tiene como objetivo brindar atenci\u00f3n personalizada a los usuarios de las distintas Oficinas y seg\u00fan requerimiento y aportes que se presentan en el uso de las herramientas (servicios, hardware, software o comunicaciones).<\/span><\/p>\t\t\t\t\t\t\t\t<\/div>\n\t\t\t\t<\/div>\n\t\t\t\t\t<\/div>\n\t\t\t\t<\/div>\n\t\t\t\t<\/div>\n\t\t","protected":false},"excerpt":{"rendered":"<p>Manuales Mortalidad Poblaci\u00f3n Reportes Videos Tutoriales y reuniones del \u00e1rea La oficina de estad\u00edstica, inform\u00e1tica y telecomunicaciones, proporciona informaci\u00f3n de calidad, confiable y oportuna para la toma de decisiones, ha logrado integrar los procesos y flujos de informaci\u00f3n en los sistemas inform\u00e1ticos de la instituci\u00f3n, mediane control de calidad, validaci\u00f3n de datos, para ser consolidada, [&hellip;]<\/p>\n","protected":false},"author":1,"featured_media":0,"parent":326,"menu_order":0,"comment_status":"closed","ping_status":"closed","template":"","meta":{"footnotes":""},"class_list":["post-334","page","type-page","status-publish","hentry"],"_links":{"self":[{"href":"https:\/\/redperifericaaqp.gob.pe\/index.php?rest_route=\/wp\/v2\/pages\/334","targetHints":{"allow":["GET"]}}],"collection":[{"href":"https:\/\/redperifericaaqp.gob.pe\/index.php?rest_route=\/wp\/v2\/pages"}],"about":[{"href":"https:\/\/redperifericaaqp.gob.pe\/index.php?rest_route=\/wp\/v2\/types\/page"}],"author":[{"embeddable":true,"href":"https:\/\/redperifericaaqp.gob.pe\/index.php?rest_route=\/wp\/v2\/users\/1"}],"replies":[{"embeddable":true,"href":"https:\/\/redperifericaaqp.gob.pe\/index.php?rest_route=%2Fwp%2Fv2%2Fcomments&post=334"}],"version-history":[{"count":25,"href":"https:\/\/redperifericaaqp.gob.pe\/index.php?rest_route=\/wp\/v2\/pages\/334\/revisions"}],"predecessor-version":[{"id":446,"href":"https:\/\/redperifericaaqp.gob.pe\/index.php?rest_route=\/wp\/v2\/pages\/334\/revisions\/446"}],"up":[{"embeddable":true,"href":"https:\/\/redperifericaaqp.gob.pe\/index.php?rest_route=\/wp\/v2\/pages\/326"}],"wp:attachment":[{"href":"https:\/\/redperifericaaqp.gob.pe\/index.php?rest_route=%2Fwp%2Fv2%2Fmedia&parent=334"}],"curies":[{"name":"wp","href":"https:\/\/api.w.org\/{rel}","templated":true}]}}