{"id":1905,"date":"2025-03-13T13:57:19","date_gmt":"2025-03-13T13:57:19","guid":{"rendered":"https:\/\/redperifericaaqp.gob.pe\/?page_id=1905"},"modified":"2025-03-13T15:20:41","modified_gmt":"2025-03-13T15:20:41","slug":"inmunizaciones","status":"publish","type":"page","link":"https:\/\/redperifericaaqp.gob.pe\/?page_id=1905","title":{"rendered":"Inmunizaciones"},"content":{"rendered":"\t\t<div data-elementor-type=\"wp-page\" data-elementor-id=\"1905\" class=\"elementor elementor-1905\">\n\t\t\t\t<div class=\"elementor-element elementor-element-e26efcd e-flex e-con-boxed e-con e-parent\" data-id=\"e26efcd\" data-element_type=\"container\" data-e-type=\"container\">\n\t\t\t\t\t<div class=\"e-con-inner\">\n\t\t\t\t<div class=\"elementor-element elementor-element-d684125 elementor-widget elementor-widget-heading\" data-id=\"d684125\" data-element_type=\"widget\" data-e-type=\"widget\" data-widget_type=\"heading.default\">\n\t\t\t\t<div class=\"elementor-widget-container\">\n\t\t\t\t\t<h2 class=\"elementor-heading-title elementor-size-default\">Equipo de Trabajo<\/h2>\t\t\t\t<\/div>\n\t\t\t\t<\/div>\n\t\t\t\t<div class=\"elementor-element elementor-element-2c3de91 elementor-widget elementor-widget-text-editor\" data-id=\"2c3de91\" data-element_type=\"widget\" data-e-type=\"widget\" data-widget_type=\"text-editor.default\">\n\t\t\t\t<div class=\"elementor-widget-container\">\n\t\t\t\t\t\t\t\t\t<p><strong>Resoluci\u00f3n Dirrectoral 076-2024-GRA (04 &#8211; Marzo &#8211; 2024)<\/strong><\/p>\n<ul>\n<li>Lic. Edwin Elvio Valdivia Chavez (Coordinador ESN de Inmunizaciones)<\/li>\n<li>Lic. Flor de Maria Hilda Callata Figueroa (Equipo Inmunizaciones)<\/li>\n<li>Edwin Guido Arque Quispe (Equipo Inmunizaciones)<\/li>\n<li>Lic. Diana Hamile Concepci\u00f3n Bejarano D\u00edaz (Responsable de Cadena de Frio)<\/li>\n<li>Tec. Far. Percy Elmer Layme Calcina (T\u00e9cnico en Cadena de Frio)<\/li>\n<\/ul>\t\t\t\t\t\t\t\t<\/div>\n\t\t\t\t<\/div>\n\t\t\t\t\t<\/div>\n\t\t\t\t<\/div>\n\t\t<div class=\"elementor-element elementor-element-de2afac e-flex e-con-boxed e-con e-parent\" data-id=\"de2afac\" data-element_type=\"container\" data-e-type=\"container\">\n\t\t\t\t\t<div class=\"e-con-inner\">\n\t\t\t\t<div class=\"elementor-element elementor-element-5cabdb1 elementor-widget elementor-widget-toggle\" data-id=\"5cabdb1\" data-element_type=\"widget\" data-e-type=\"widget\" data-widget_type=\"toggle.default\">\n\t\t\t\t<div class=\"elementor-widget-container\">\n\t\t\t\t\t\t\t<div class=\"elementor-toggle\">\n\t\t\t\t\t\t\t<div class=\"elementor-toggle-item\">\n\t\t\t\t\t<div id=\"elementor-tab-title-9711\" class=\"elementor-tab-title\" data-tab=\"1\" role=\"button\" aria-controls=\"elementor-tab-content-9711\" aria-expanded=\"false\">\n\t\t\t\t\t\t\t\t\t\t\t\t<span class=\"elementor-toggle-icon elementor-toggle-icon-left\" aria-hidden=\"true\">\n\t\t\t\t\t\t\t\t\t\t\t\t\t\t\t<span class=\"elementor-toggle-icon-closed\"><svg class=\"e-font-icon-svg e-fas-caret-right\" viewBox=\"0 0 192 512\" xmlns=\"http:\/\/www.w3.org\/2000\/svg\"><path d=\"M0 384.662V127.338c0-17.818 21.543-26.741 34.142-14.142l128.662 128.662c7.81 7.81 7.81 20.474 0 28.284L34.142 398.804C21.543 411.404 0 402.48 0 384.662z\"><\/path><\/svg><\/span>\n\t\t\t\t\t\t\t\t<span class=\"elementor-toggle-icon-opened\"><svg class=\"elementor-toggle-icon-opened e-font-icon-svg e-fas-caret-up\" viewBox=\"0 0 320 512\" xmlns=\"http:\/\/www.w3.org\/2000\/svg\"><path d=\"M288.662 352H31.338c-17.818 0-26.741-21.543-14.142-34.142l128.662-128.662c7.81-7.81 20.474-7.81 28.284 0l128.662 128.662c12.6 12.599 3.676 34.142-14.142 34.142z\"><\/path><\/svg><\/span>\n\t\t\t\t\t\t\t\t\t\t\t\t\t<\/span>\n\t\t\t\t\t\t\t\t\t\t\t\t<a class=\"elementor-toggle-title\" tabindex=\"0\">Documentos T\u00e9cnicos<\/a>\n\t\t\t\t\t<\/div>\n\n\t\t\t\t\t<div id=\"elementor-tab-content-9711\" class=\"elementor-tab-content elementor-clearfix\" data-tab=\"1\" role=\"region\" aria-labelledby=\"elementor-tab-title-9711\"><ul class=\"\"><li><a href=\"https:\/\/redperifericaaqp.gob.pe\/wp-content\/uploads\/2025\/inmunizaciones\/Directiva Sanitaria 054-MINSA para la vigilancia epidemiologica de eventos supuestamente atribuidos a la vacuncion o inmunizaciones ESAVI.pdf\"><span class=\"filename\">Directiva Sanitaria 054-MINSA para la vigilancia epidemiologica de eventos supuestamente atribuidos a la vacuncion o inmunizaciones ESAVI.pdf<\/span><span class=\\\"filesize\\\"> (1.69 Mb)<\/span><\/a><\/li><li><a href=\"https:\/\/redperifericaaqp.gob.pe\/wp-content\/uploads\/2025\/inmunizaciones\/Ley 28010 - Ley general de vacunas.pdf\"><span class=\"filename\">Ley 28010 &#8211; Ley general de vacunas.pdf<\/span><span class=\\\"filesize\\\"> (62.75 Kb)<\/span><\/a><\/li><li><a href=\"https:\/\/redperifericaaqp.gob.pe\/wp-content\/uploads\/2025\/inmunizaciones\/NTS 196-MINSA NT de salud que establece el esquema nacional de vacunacion.pdf\"><span class=\"filename\">NTS 196-MINSA NT de salud que establece el esquema nacional de vacunacion.pdf<\/span><span class=\\\"filesize\\\"> (4.14 Mb)<\/span><\/a><\/li><li><a href=\"https:\/\/redperifericaaqp.gob.pe\/wp-content\/uploads\/2025\/inmunizaciones\/NTS 196-MINSA RM 884-202 MINSA Norma tecnica del esquema nacional de vacunacion.pdf\"><span class=\"filename\">NTS 196-MINSA RM 884-202 MINSA Norma tecnica del esquema nacional de vacunacion.pdf<\/span><span class=\\\"filesize\\\"> (84.5 Mb)<\/span><\/a><\/li><li><a href=\"https:\/\/redperifericaaqp.gob.pe\/wp-content\/uploads\/2025\/inmunizaciones\/RM 218-2024- modifica NTS 196-MINSA que establece el equma nacional de vacunacion.pdf\"><span class=\"filename\">RM 218-2024- modifica NTS 196-MINSA que establece el equma nacional de vacunacion.pdf<\/span><span class=\\\"filesize\\\"> (2.75 Mb)<\/span><\/a><\/li><li><a href=\"https:\/\/redperifericaaqp.gob.pe\/wp-content\/uploads\/2025\/inmunizaciones\/RM 497-2017 MINSA Aprueba NTS 136-MINSA para el manejo de cadena de frio en las inmunizaciones.pdf\"><span class=\"filename\">RM 497-2017 MINSA Aprueba NTS 136-MINSA para el manejo de cadena de frio en las inmunizaciones.pdf<\/span><span class=\\\"filesize\\\"> (2.57 Mb)<\/span><\/a><\/li><\/ul><\/div>\n\t\t\t\t<\/div>\n\t\t\t\t\t\t\t\t<\/div>\n\t\t\t\t\t\t<\/div>\n\t\t\t\t<\/div>\n\t\t\t\t\t<\/div>\n\t\t\t\t<\/div>\n\t\t\t\t<\/div>\n\t\t","protected":false},"excerpt":{"rendered":"<p>Equipo de Trabajo Resoluci\u00f3n Dirrectoral 076-2024-GRA (04 &#8211; Marzo &#8211; 2024) Lic. Edwin Elvio Valdivia Chavez (Coordinador ESN de Inmunizaciones) Lic. Flor de Maria Hilda Callata Figueroa (Equipo Inmunizaciones) Edwin Guido Arque Quispe (Equipo Inmunizaciones) Lic. Diana Hamile Concepci\u00f3n Bejarano D\u00edaz (Responsable de Cadena de Frio) Tec. Far. Percy Elmer Layme Calcina (T\u00e9cnico en Cadena [&hellip;]<\/p>\n","protected":false},"author":1,"featured_media":0,"parent":1903,"menu_order":0,"comment_status":"closed","ping_status":"closed","template":"","meta":{"footnotes":""},"class_list":["post-1905","page","type-page","status-publish","hentry"],"_links":{"self":[{"href":"https:\/\/redperifericaaqp.gob.pe\/index.php?rest_route=\/wp\/v2\/pages\/1905","targetHints":{"allow":["GET"]}}],"collection":[{"href":"https:\/\/redperifericaaqp.gob.pe\/index.php?rest_route=\/wp\/v2\/pages"}],"about":[{"href":"https:\/\/redperifericaaqp.gob.pe\/index.php?rest_route=\/wp\/v2\/types\/page"}],"author":[{"embeddable":true,"href":"https:\/\/redperifericaaqp.gob.pe\/index.php?rest_route=\/wp\/v2\/users\/1"}],"replies":[{"embeddable":true,"href":"https:\/\/redperifericaaqp.gob.pe\/index.php?rest_route=%2Fwp%2Fv2%2Fcomments&post=1905"}],"version-history":[{"count":25,"href":"https:\/\/redperifericaaqp.gob.pe\/index.php?rest_route=\/wp\/v2\/pages\/1905\/revisions"}],"predecessor-version":[{"id":1946,"href":"https:\/\/redperifericaaqp.gob.pe\/index.php?rest_route=\/wp\/v2\/pages\/1905\/revisions\/1946"}],"up":[{"embeddable":true,"href":"https:\/\/redperifericaaqp.gob.pe\/index.php?rest_route=\/wp\/v2\/pages\/1903"}],"wp:attachment":[{"href":"https:\/\/redperifericaaqp.gob.pe\/index.php?rest_route=%2Fwp%2Fv2%2Fmedia&parent=1905"}],"curies":[{"name":"wp","href":"https:\/\/api.w.org\/{rel}","templated":true}]}}